{"id":3908,"date":"2022-11-14T08:33:39","date_gmt":"2022-11-14T07:33:39","guid":{"rendered":"http:\/\/linatech.dk\/?page_id=3908"},"modified":"2022-11-14T08:37:54","modified_gmt":"2022-11-14T07:37:54","slug":"qualitypolicy","status":"publish","type":"page","link":"https:\/\/linatech.dk\/en\/history\/qualitypolicy\/","title":{"rendered":"Quality Policy"},"content":{"rendered":"<p>[et_pb_section fb_built=&#8221;1&#8243; specialty=&#8221;on&#8221; _builder_version=&#8221;4.16&#8243; _module_preset=&#8221;default&#8221; global_colors_info=&#8221;{}&#8221;][et_pb_column type=&#8221;1_4&#8243; _builder_version=&#8221;4.16&#8243; custom_padding=&#8221;|||&#8221; global_colors_info=&#8221;{}&#8221; custom_padding__hover=&#8221;|||&#8221;][et_pb_sidebar area=&#8221;et_pb_widget_area_4&#8243; _builder_version=&#8221;4.18.0&#8243; hover_enabled=&#8221;0&#8243; global_colors_info=&#8221;{}&#8221; sticky_enabled=&#8221;0&#8243;][\/et_pb_sidebar][et_pb_team_member name=&#8221;Finn Bach Jensen&#8221; position=&#8221;Quality Manager&#8221; image_url=&#8221;https:\/\/linatech.dk\/wp-content\/uploads\/2021\/11\/202110-Finn-Bach-Jensen.jpg&#8221; admin_label=&#8221;Finn Bach Jensen EN&#8221; _builder_version=&#8221;4.18.0&#8243; _module_preset=&#8221;default&#8221; background_size=&#8221;initial&#8221; background_position=&#8221;top_left&#8221; background_repeat=&#8221;repeat&#8221; custom_margin=&#8221;||0px||false|false&#8221; custom_padding=&#8221;||0px||false|false&#8221; global_module=&#8221;3051&#8243; saved_tabs=&#8221;all&#8221; global_colors_info=&#8221;{}&#8221;]<\/p>\n<p>Mobile: +45 2761 2344<br \/><a class=\"inlinelink\" href=\"mailto:fbj@linatech.dk\">fbj@linatech.dk<\/a><\/p>\n<p>&nbsp;<\/p>\n<p>&nbsp;<\/p>\n<p>[\/et_pb_team_member][\/et_pb_column][et_pb_column type=&#8221;3_4&#8243; specialty_columns=&#8221;3&#8243; _builder_version=&#8221;4.16&#8243; custom_padding=&#8221;|||&#8221; global_colors_info=&#8221;{}&#8221; custom_padding__hover=&#8221;|||&#8221;][et_pb_row_inner _builder_version=&#8221;4.16&#8243; _module_preset=&#8221;default&#8221; global_colors_info=&#8221;{}&#8221;][et_pb_column_inner saved_specialty_column_type=&#8221;3_4&#8243; _builder_version=&#8221;4.16&#8243; _module_preset=&#8221;default&#8221; global_colors_info=&#8221;{}&#8221;][et_pb_text _builder_version=&#8221;4.18.0&#8243; background_size=&#8221;initial&#8221; background_position=&#8221;top_left&#8221; background_repeat=&#8221;repeat&#8221; use_border_color=&#8221;off&#8221; border_color=&#8221;#ffffff&#8221; border_style=&#8221;solid&#8221; global_colors_info=&#8221;{}&#8221;]<\/p>\n<h1>Q<em>uality Policy<\/em><\/h1>\n<p>[\/et_pb_text][et_pb_text admin_label=&#8221;1.&#8221; _builder_version=&#8221;4.18.0&#8243; _module_preset=&#8221;default&#8221; custom_margin=&#8221;||||false|false&#8221; custom_padding=&#8221;10px|20px|10px|20px|false|false&#8221; border_width_all=&#8221;3px&#8221; border_color_all=&#8221;#fc9c1c&#8221; global_colors_info=&#8221;{}&#8221;]<\/p>\n<p><strong>1. <\/strong>We constantly develop employee competences to meet those demands, that we are faced by when solving various tasks.<\/p>\n<p>[\/et_pb_text][et_pb_text admin_label=&#8221;2.&#8221; _builder_version=&#8221;4.18.0&#8243; _module_preset=&#8221;default&#8221; custom_margin=&#8221;||||false|false&#8221; custom_padding=&#8221;10px|20px|10px|20px|false|false&#8221; border_width_all=&#8221;3px&#8221; border_color_all=&#8221;#fc9c1c&#8221; global_colors_info=&#8221;{}&#8221;]<\/p>\n<p><strong>2. <\/strong>We shall deliver high quality, supply reliability and professional support to our customers.<\/p>\n<p>[\/et_pb_text][et_pb_text admin_label=&#8221;3.&#8221; _builder_version=&#8221;4.18.0&#8243; _module_preset=&#8221;default&#8221; custom_margin=&#8221;||||false|false&#8221; custom_padding=&#8221;10px|20px|10px|20px|false|false&#8221; border_width_all=&#8221;3px&#8221; border_color_all=&#8221;#fc9c1c&#8221; global_colors_info=&#8221;{}&#8221;]<\/p>\n<p><strong>3. <\/strong>We determine an approve the processes and the documentation needed, to fulfill the demands to our products and services.<\/p>\n<p>[\/et_pb_text][et_pb_text admin_label=&#8221;4.&#8221; _builder_version=&#8221;4.18.0&#8243; _module_preset=&#8221;default&#8221; custom_margin=&#8221;||||false|false&#8221; custom_padding=&#8221;10px|20px|10px|20px|false|false&#8221; border_width_all=&#8221;3px&#8221; border_color_all=&#8221;#fc9c1c&#8221; global_colors_info=&#8221;{}&#8221;]<\/p>\n<p><strong>4. <\/strong>We constantly evaluate and improve our quality management system and our quality targets, to ensure the relevance and efficiency of the system.<\/p>\n<p>[\/et_pb_text][et_pb_text admin_label=&#8221;5.&#8221; _builder_version=&#8221;4.18.0&#8243; _module_preset=&#8221;default&#8221; custom_margin=&#8221;||||false|false&#8221; custom_padding=&#8221;10px|20px|10px|20px|false|false&#8221; border_width_all=&#8221;3px&#8221; border_color_all=&#8221;#fc9c1c&#8221; global_colors_info=&#8221;{}&#8221;]<\/p>\n<p><strong>5. <\/strong>We shall constantly prevent deviations and complaints, and we shall act swift and professional when they occur.<\/p>\n<p>[\/et_pb_text][et_pb_text admin_label=&#8221;6.&#8221; _builder_version=&#8221;4.18.0&#8243; _module_preset=&#8221;default&#8221; custom_margin=&#8221;||||false|false&#8221; custom_padding=&#8221;10px|20px|10px|20px|false|false&#8221; border_width_all=&#8221;3px&#8221; border_color_all=&#8221;#fc9c1c&#8221; global_colors_info=&#8221;{}&#8221;]<\/p>\n<p><strong>6. <\/strong>We shall comply with all relevant local, national and international laws and regulations.<\/p>\n<p>[\/et_pb_text][et_pb_text admin_label=&#8221;7.&#8221; _builder_version=&#8221;4.18.0&#8243; _module_preset=&#8221;default&#8221; custom_margin=&#8221;||||false|false&#8221; custom_padding=&#8221;10px|20px|10px|20px|false|false&#8221; border_width_all=&#8221;3px&#8221; border_color_all=&#8221;#fc9c1c&#8221; global_colors_info=&#8221;{}&#8221;]<\/p>\n<p><strong>7. <\/strong>We shall be profitable, sustainable and responsible in everything we do.<\/p>\n<p>[\/et_pb_text][\/et_pb_column_inner][\/et_pb_row_inner][\/et_pb_column][\/et_pb_section]<\/p>\n","protected":false},"excerpt":{"rendered":"<p>Mobile: +45 2761 2344fbj@linatech.dk &nbsp; &nbsp; Quality Policy1. We constantly develop employee competences to meet those demands, that we are faced by when solving various tasks.2. We shall deliver high quality, supply reliability and professional support to our customers.3. We determine an approve the processes and the documentation needed, to fulfill the demands to our [&hellip;]<\/p>\n","protected":false},"author":8,"featured_media":0,"parent":1000,"menu_order":0,"comment_status":"closed","ping_status":"closed","template":"","meta":{"_et_pb_use_builder":"on","_et_pb_old_content":"<p>[et_pb_section fb_built=\"1\" specialty=\"on\" _builder_version=\"4.16\" _module_preset=\"default\" global_colors_info=\"{}\"][et_pb_column type=\"1_4\" _builder_version=\"4.16\" custom_padding=\"|||\" global_colors_info=\"{}\" custom_padding__hover=\"|||\"][et_pb_sidebar area=\"et_pb_widget_area_1\" _builder_version=\"4.16\" global_colors_info=\"{}\"][\/et_pb_sidebar][et_pb_team_member name=\"Finn Bach Jensen\" position=\"Kvalitetschef\" image_url=\"https:\/\/linatech.dk\/wp-content\/uploads\/2021\/11\/202110-Finn-Bach-Jensen-scaled.jpg\" admin_label=\"Finn Bach Jensen\" _builder_version=\"4.18.0\" background_size=\"initial\" background_position=\"top_left\" background_repeat=\"repeat\" custom_margin=\"||0px||false|false\" custom_padding=\"||0px||false|false\" global_module=\"3051\" saved_tabs=\"all\" global_colors_info=\"{}\"]<\/p><p>Mobil: +45 2761 2344<\/p><p>[\/et_pb_team_member][\/et_pb_column][et_pb_column type=\"3_4\" specialty_columns=\"3\" _builder_version=\"4.16\" custom_padding=\"|||\" global_colors_info=\"{}\" custom_padding__hover=\"|||\"][et_pb_row_inner _builder_version=\"4.16\" _module_preset=\"default\" global_colors_info=\"{}\"][et_pb_column_inner saved_specialty_column_type=\"3_4\" _builder_version=\"4.16\" _module_preset=\"default\" global_colors_info=\"{}\"][et_pb_text _builder_version=\"4.18.0\" background_size=\"initial\" background_position=\"top_left\" background_repeat=\"repeat\" use_border_color=\"off\" border_color=\"#ffffff\" border_style=\"solid\" global_colors_info=\"{}\"]<\/p><h1>Kvalitetspolitik<\/h1><p>[\/et_pb_text][et_pb_text admin_label=\"1.\" _builder_version=\"4.18.0\" _module_preset=\"default\" custom_margin=\"||||false|false\" custom_padding=\"10px|20px|10px|20px|false|false\" hover_enabled=\"0\" border_width_all=\"3px\" border_color_all=\"#fc9c1c\" global_colors_info=\"{}\" sticky_enabled=\"0\"]<\/p><p><strong>1.<\/strong> Vi udvikler l\u00f8bende medarbejdernes kompetencer, s\u00e5 vi til stadighed kan matche de krav, som stilles i forbindelse med l\u00f8sning af opgaverne.<\/p><p>[\/et_pb_text][et_pb_text admin_label=\"2.\" _builder_version=\"4.18.0\" _module_preset=\"default\" custom_margin=\"||||false|false\" custom_padding=\"10px|20px|10px|20px|false|false\" hover_enabled=\"0\" border_width_all=\"3px\" border_color_all=\"#fc9c1c\" global_colors_info=\"{}\" sticky_enabled=\"0\"]<\/p><p><strong>2.<\/strong> Vi skal levere h\u00f8j kvalitet, forsyningssikkerhed og professionel support til vores kunder.<\/p><p>[\/et_pb_text][et_pb_text admin_label=\"3.\" _builder_version=\"4.18.0\" _module_preset=\"default\" custom_margin=\"||||false|false\" custom_padding=\"10px|20px|10px|20px|false|false\" hover_enabled=\"0\" border_width_all=\"3px\" border_color_all=\"#fc9c1c\" global_colors_info=\"{}\" sticky_enabled=\"0\"]<\/p><p><strong>3.<\/strong> Vi fastl\u00e6gger og godkender de processer og den dokumentation, der kr\u00e6ves for at opfylde kravene til vores produkter og serviceydelser.<\/p><p>[\/et_pb_text][et_pb_text admin_label=\"4.\" _builder_version=\"4.18.0\" _module_preset=\"default\" custom_margin=\"||||false|false\" custom_padding=\"10px|20px|10px|20px|false|false\" hover_enabled=\"0\" border_width_all=\"3px\" border_color_all=\"#fc9c1c\" global_colors_info=\"{}\" sticky_enabled=\"0\"]<\/p><p><strong>4.<\/strong> Vi evaluerer og forbedrer l\u00f8bende kvalitetsledelsessystemet og vores kvalitetsm\u00e5l, for at sikre systemets relevans og effektivitet.<\/p><p>[\/et_pb_text][et_pb_text admin_label=\"5.\" _builder_version=\"4.18.0\" _module_preset=\"default\" custom_margin=\"||||false|false\" custom_padding=\"10px|20px|10px|20px|false|false\" hover_enabled=\"0\" border_width_all=\"3px\" border_color_all=\"#fc9c1c\" global_colors_info=\"{}\" sticky_enabled=\"0\"]<\/p><p><strong>5.<\/strong> Vi skal l\u00f8bende forebygge afvigelser og reklamationer, og vi skal agere hurtigt og professionelt n\u00e5r de opst\u00e5r.<\/p><p>[\/et_pb_text][et_pb_text admin_label=\"6.\" _builder_version=\"4.18.0\" _module_preset=\"default\" custom_margin=\"||||false|false\" custom_padding=\"10px|20px|10px|20px|false|false\" hover_enabled=\"0\" border_color_all=\"#fc9c1c\" global_colors_info=\"{}\" sticky_enabled=\"0\" border_width_all=\"3px\"]<\/p><p><strong>6.<\/strong> Vi skal efterleve alle relevante lokale, nationale og internationale lovgivninger og bekendtg\u00f8relser.<\/p><p>[\/et_pb_text][et_pb_text admin_label=\"7.\" _builder_version=\"4.18.0\" _module_preset=\"default\" custom_margin=\"||||false|false\" custom_padding=\"10px|20px|10px|20px|false|false\" hover_enabled=\"0\" border_width_all=\"3px\" border_color_all=\"#fc9c1c\" global_colors_info=\"{}\" sticky_enabled=\"0\"]<\/p><p><strong>7.<\/strong> Vi skal v\u00e6re profitable, b\u00e6redygtige og ansvarlige i alt hvad vi g\u00f8r.<\/p><p>[\/et_pb_text][\/et_pb_column_inner][\/et_pb_row_inner][\/et_pb_column][\/et_pb_section]<\/p>","_et_gb_content_width":"","footnotes":"","_links_to":"","_links_to_target":""},"class_list":["post-3908","page","type-page","status-publish","hentry"],"yoast_head":"<!-- This site is optimized with the Yoast SEO plugin v27.4 - https:\/\/yoast.com\/product\/yoast-seo-wordpress\/ -->\n<title>Quality Policy - Linatech<\/title>\n<meta name=\"robots\" content=\"index, follow, max-snippet:-1, max-image-preview:large, max-video-preview:-1\" \/>\n<link rel=\"canonical\" href=\"https:\/\/linatech.dk\/en\/history\/qualitypolicy\/\" \/>\n<meta property=\"og:locale\" content=\"en_US\" \/>\n<meta property=\"og:type\" content=\"article\" \/>\n<meta property=\"og:title\" content=\"Quality Policy - Linatech\" \/>\n<meta property=\"og:description\" content=\"Mobile: +45 2761 2344fbj@linatech.dk &nbsp; &nbsp; Quality Policy1. We constantly develop employee competences to meet those demands, that we are faced by when solving various tasks.2. We shall deliver high quality, supply reliability and professional support to our customers.3. We determine an approve the processes and the documentation needed, to fulfill the demands to our [&hellip;]\" \/>\n<meta property=\"og:url\" content=\"https:\/\/linatech.dk\/en\/history\/qualitypolicy\/\" \/>\n<meta property=\"og:site_name\" content=\"Linatech\" \/>\n<meta property=\"article:modified_time\" content=\"2022-11-14T07:37:54+00:00\" \/>\n<meta name=\"twitter:card\" content=\"summary_large_image\" \/>\n<meta name=\"twitter:label1\" content=\"Est. reading time\" \/>\n\t<meta name=\"twitter:data1\" content=\"2 minutes\" \/>\n<script type=\"application\/ld+json\" class=\"yoast-schema-graph\">{\"@context\":\"https:\\\/\\\/schema.org\",\"@graph\":[{\"@type\":\"WebPage\",\"@id\":\"https:\\\/\\\/linatech.dk\\\/en\\\/history\\\/qualitypolicy\\\/\",\"url\":\"https:\\\/\\\/linatech.dk\\\/en\\\/history\\\/qualitypolicy\\\/\",\"name\":\"Quality Policy - Linatech\",\"isPartOf\":{\"@id\":\"https:\\\/\\\/linatech.dk\\\/#website\"},\"datePublished\":\"2022-11-14T07:33:39+00:00\",\"dateModified\":\"2022-11-14T07:37:54+00:00\",\"breadcrumb\":{\"@id\":\"https:\\\/\\\/linatech.dk\\\/en\\\/history\\\/qualitypolicy\\\/#breadcrumb\"},\"inLanguage\":\"en-US\",\"potentialAction\":[{\"@type\":\"ReadAction\",\"target\":[\"https:\\\/\\\/linatech.dk\\\/en\\\/history\\\/qualitypolicy\\\/\"]}]},{\"@type\":\"BreadcrumbList\",\"@id\":\"https:\\\/\\\/linatech.dk\\\/en\\\/history\\\/qualitypolicy\\\/#breadcrumb\",\"itemListElement\":[{\"@type\":\"ListItem\",\"position\":1,\"name\":\"Hjem\",\"item\":\"https:\\\/\\\/linatech.dk\\\/en\\\/\"},{\"@type\":\"ListItem\",\"position\":2,\"name\":\"About Linatech\",\"item\":\"https:\\\/\\\/linatech.dk\\\/en\\\/history\\\/\"},{\"@type\":\"ListItem\",\"position\":3,\"name\":\"Quality Policy\"}]},{\"@type\":\"WebSite\",\"@id\":\"https:\\\/\\\/linatech.dk\\\/#website\",\"url\":\"https:\\\/\\\/linatech.dk\\\/\",\"name\":\"Linatech\",\"description\":\"Komponentfremstilling og specialmaskiner\",\"potentialAction\":[{\"@type\":\"SearchAction\",\"target\":{\"@type\":\"EntryPoint\",\"urlTemplate\":\"https:\\\/\\\/linatech.dk\\\/?s={search_term_string}\"},\"query-input\":{\"@type\":\"PropertyValueSpecification\",\"valueRequired\":true,\"valueName\":\"search_term_string\"}}],\"inLanguage\":\"en-US\"}]}<\/script>\n<!-- \/ Yoast SEO plugin. -->","yoast_head_json":{"title":"Quality Policy - Linatech","robots":{"index":"index","follow":"follow","max-snippet":"max-snippet:-1","max-image-preview":"max-image-preview:large","max-video-preview":"max-video-preview:-1"},"canonical":"https:\/\/linatech.dk\/en\/history\/qualitypolicy\/","og_locale":"en_US","og_type":"article","og_title":"Quality Policy - Linatech","og_description":"Mobile: +45 2761 2344fbj@linatech.dk &nbsp; &nbsp; Quality Policy1. We constantly develop employee competences to meet those demands, that we are faced by when solving various tasks.2. We shall deliver high quality, supply reliability and professional support to our customers.3. We determine an approve the processes and the documentation needed, to fulfill the demands to our [&hellip;]","og_url":"https:\/\/linatech.dk\/en\/history\/qualitypolicy\/","og_site_name":"Linatech","article_modified_time":"2022-11-14T07:37:54+00:00","twitter_card":"summary_large_image","twitter_misc":{"Est. reading time":"2 minutes"},"schema":{"@context":"https:\/\/schema.org","@graph":[{"@type":"WebPage","@id":"https:\/\/linatech.dk\/en\/history\/qualitypolicy\/","url":"https:\/\/linatech.dk\/en\/history\/qualitypolicy\/","name":"Quality Policy - Linatech","isPartOf":{"@id":"https:\/\/linatech.dk\/#website"},"datePublished":"2022-11-14T07:33:39+00:00","dateModified":"2022-11-14T07:37:54+00:00","breadcrumb":{"@id":"https:\/\/linatech.dk\/en\/history\/qualitypolicy\/#breadcrumb"},"inLanguage":"en-US","potentialAction":[{"@type":"ReadAction","target":["https:\/\/linatech.dk\/en\/history\/qualitypolicy\/"]}]},{"@type":"BreadcrumbList","@id":"https:\/\/linatech.dk\/en\/history\/qualitypolicy\/#breadcrumb","itemListElement":[{"@type":"ListItem","position":1,"name":"Hjem","item":"https:\/\/linatech.dk\/en\/"},{"@type":"ListItem","position":2,"name":"About Linatech","item":"https:\/\/linatech.dk\/en\/history\/"},{"@type":"ListItem","position":3,"name":"Quality Policy"}]},{"@type":"WebSite","@id":"https:\/\/linatech.dk\/#website","url":"https:\/\/linatech.dk\/","name":"Linatech","description":"Komponentfremstilling og specialmaskiner","potentialAction":[{"@type":"SearchAction","target":{"@type":"EntryPoint","urlTemplate":"https:\/\/linatech.dk\/?s={search_term_string}"},"query-input":{"@type":"PropertyValueSpecification","valueRequired":true,"valueName":"search_term_string"}}],"inLanguage":"en-US"}]}},"_links":{"self":[{"href":"https:\/\/linatech.dk\/en\/wp-json\/wp\/v2\/pages\/3908","targetHints":{"allow":["GET"]}}],"collection":[{"href":"https:\/\/linatech.dk\/en\/wp-json\/wp\/v2\/pages"}],"about":[{"href":"https:\/\/linatech.dk\/en\/wp-json\/wp\/v2\/types\/page"}],"author":[{"embeddable":true,"href":"https:\/\/linatech.dk\/en\/wp-json\/wp\/v2\/users\/8"}],"replies":[{"embeddable":true,"href":"https:\/\/linatech.dk\/en\/wp-json\/wp\/v2\/comments?post=3908"}],"version-history":[{"count":7,"href":"https:\/\/linatech.dk\/en\/wp-json\/wp\/v2\/pages\/3908\/revisions"}],"predecessor-version":[{"id":3918,"href":"https:\/\/linatech.dk\/en\/wp-json\/wp\/v2\/pages\/3908\/revisions\/3918"}],"up":[{"embeddable":true,"href":"https:\/\/linatech.dk\/en\/wp-json\/wp\/v2\/pages\/1000"}],"wp:attachment":[{"href":"https:\/\/linatech.dk\/en\/wp-json\/wp\/v2\/media?parent=3908"}],"curies":[{"name":"wp","href":"https:\/\/api.w.org\/{rel}","templated":true}]}}